{"id":1285,"date":"2026-03-02T11:47:09","date_gmt":"2026-03-02T11:47:09","guid":{"rendered":"https:\/\/irinalefey.com\/?page_id=1285"},"modified":"2026-03-10T11:03:57","modified_gmt":"2026-03-10T11:03:57","slug":"plescort-escort-agentur","status":"publish","type":"page","link":"https:\/\/irinalefey.com\/en\/plescort-escort-agentur\/","title":{"rendered":"Plescort Agency"},"content":{"rendered":"<section data-spectra-id=\"spectra-mfo1bb4i-vszok2\"\tstyle=\"overflow: visible; --spectra-background-color: var(--ast-global-color-3); --spectra-overlay-opacity: 0.4; --spectra-box-shadow: 0px 0px 0px 0px transparent;\" class=\"spectra-is-root-container alignfull spectra-overlay-color spectra-overflow spectra-background-color spectra-dim-ratio spectra-box-shadow wp-block-spectra-container\" data-orientation=\"vertical\"\t>\n\t\n\n<div class=\"wp-block-cover is-light has-custom-content-position is-position-bottom-center\" style=\"min-height:555px;aspect-ratio:unset\"><img fetchpriority=\"high\" decoding=\"async\" width=\"1024\" height=\"683\" class=\"wp-block-cover__image-background wp-image-1561 size-large\" alt=\"escort agentur frankfurt plescort (2)\" src=\"https:\/\/irinalefey.com\/wp-content\/uploads\/2026\/03\/Escort-Agentur-Frankfurt-Plescort-2-1024x683.jpg\" style=\"object-position:47% 27%\" data-object-fit=\"cover\" data-object-position=\"47% 27%\" srcset=\"https:\/\/irinalefey.com\/wp-content\/uploads\/2026\/03\/Escort-Agentur-Frankfurt-Plescort-2-1024x683.jpg 1024w, https:\/\/irinalefey.com\/wp-content\/uploads\/2026\/03\/Escort-Agentur-Frankfurt-Plescort-2-300x200.jpg 300w, https:\/\/irinalefey.com\/wp-content\/uploads\/2026\/03\/Escort-Agentur-Frankfurt-Plescort-2-768x512.jpg 768w, https:\/\/irinalefey.com\/wp-content\/uploads\/2026\/03\/Escort-Agentur-Frankfurt-Plescort-2-1536x1024.jpg 1536w, https:\/\/irinalefey.com\/wp-content\/uploads\/2026\/03\/Escort-Agentur-Frankfurt-Plescort-2.jpg 1800w\" sizes=\"(max-width: 1024px) 100vw, 1024px\" \/><span class=\"wp-block-cover__background has-background-dim\" style=\"background-color:#9e9088\"><\/span><div class=\"wp-block-cover__inner-container is-layout-flow wp-block-cover-is-layout-flow\">\n<h1 class=\"wp-block-heading has-text-align-left has-large-font-size\">Meine High Class Escort Agentur<\/h1>\n<\/div><\/div>\n\n<\/section>\n\n\n\n<div style=\"height:100px\" aria-hidden=\"true\" class=\"wp-block-spacer\"><\/div>\n\n\n\n<div style=\"height:100px\" aria-hidden=\"true\" class=\"wp-block-spacer\"><\/div>\n\n\n\n<div class=\"wp-block-media-text is-stacked-on-mobile is-vertically-aligned-top\" style=\"grid-template-columns:46% auto\"><figure class=\"wp-block-media-text__media\"><img decoding=\"async\" width=\"846\" height=\"1024\" src=\"https:\/\/irinalefey.com\/wp-content\/uploads\/2026\/03\/Escort-Frankfurt-Escort-Leipzig-5-3-846x1024.jpg\" alt=\"escort frankfurt, escort leipzig (5)\" class=\"wp-image-1353 size-full\" srcset=\"https:\/\/irinalefey.com\/wp-content\/uploads\/2026\/03\/Escort-Frankfurt-Escort-Leipzig-5-3-846x1024.jpg 846w, https:\/\/irinalefey.com\/wp-content\/uploads\/2026\/03\/Escort-Frankfurt-Escort-Leipzig-5-3-248x300.jpg 248w, https:\/\/irinalefey.com\/wp-content\/uploads\/2026\/03\/Escort-Frankfurt-Escort-Leipzig-5-3-768x929.jpg 768w, https:\/\/irinalefey.com\/wp-content\/uploads\/2026\/03\/Escort-Frankfurt-Escort-Leipzig-5-3-1270x1536.jpg 1270w, https:\/\/irinalefey.com\/wp-content\/uploads\/2026\/03\/Escort-Frankfurt-Escort-Leipzig-5-3-1693x2048.jpg 1693w\" sizes=\"(max-width: 846px) 100vw, 846px\" \/><\/figure><div class=\"wp-block-media-text__content\">\n<h1 class=\"wp-block-heading has-ast-global-color-0-color has-text-color has-link-color has-large-font-size wp-elements-9c320f0ea19cc81f63bdc3b77e97846d\"><strong>Meine Passion f\u00fcr den High Class Escort<\/strong><\/h1>\n\n\n\n<p>Schon immer war ich fasziniert von der Welt des High Class <strong>Escorts<\/strong> \u2013 einer Welt, die viel mehr ist als nur glamour\u00f6se Treffen und aufregende Begegnungen. F\u00fcr mich ist Escort eine Kunstform, eine M\u00f6glichkeit, Menschen auf eine ganz besondere Weise zu ber\u00fchren und ihnen unvergessliche Erlebnisse zu schenken. Diese Leidenschaft habe ich in jeder Begegnung gesp\u00fcrt und gelebt, und es war mir stets ein Anliegen, den Escort von allen Tabus zu befreien und in ein positives Licht zu r\u00fccken.<\/p>\n\n\n\n<p><\/p>\n\n\n\n<h3 class=\"wp-block-heading has-ast-global-color-0-color has-text-color has-link-color wp-elements-dc0873eb9937e16f217a82772a5047d4\">Freiheit, Leidenschaft und f\u00fcr andere Frauen da sein<\/h3>\n\n\n\n<p>Meine Erfahrungen haben mir gezeigt, wie wichtig es ist, Unterst\u00fctzung und Verst\u00e4ndnis in diesem Beruf zu finden. Daher war es mir ein Herzensanliegen, eine High Class Agentur zu gr\u00fcnden, die nicht nur Kunden eine erstklassige Erfahrung bietet, sondern auch den Escorts selbst eine sichere, respektvolle und f\u00f6rderliche Umgebung. Bei Plescort stehe ich den Frauen mit Rat und Tat zur Seite, begleite sie auf ihrem Weg und sorge daf\u00fcr, dass sie sich stets wohl und wertgesch\u00e4tzt f\u00fchlen.<\/p>\n<\/div><\/div>\n\n\n\n<div style=\"height:100px\" aria-hidden=\"true\" class=\"wp-block-spacer\"><\/div>\n\n\n\n<div class=\"wp-block-essential-blocks-text  root-eb-text-aa15m\"><div class=\"eb-parent-wrapper eb-parent-eb-text-aa15m\"><div class=\"eb-text-wrapper eb-text-aa15m\" data-id=\"eb-text-aa15m\"><p class=\"eb-text\">Die Leitung dieser kleinen, aber feinen High Class Escort Agentur bedeutet f\u00fcr mich Freiheit und Erf\u00fcllung. Die High Class Escort Agentur Plescort ist nicht nur ein Gesch\u00e4ft, sondern ein Ausdruck meiner \u00dcberzeugungen und meiner Leidenschaft. Es ist ein Ort, an dem Tr\u00e4ume wahr werden und wo ich meine Visionen von Freiheit und Selbstbestimmung lebe. Jede Begegnung, die wir arrangieren, wird mit gr\u00f6\u00dfter Sorgfalt und Hingabe geplant, um sowohl den G\u00e4sten als auch den Escorts eine unvergleichliche Erfahrung zu bieten. Wenn du mehr \u00fcber die Leitung einer guten Escort Agentur erfahren m\u00f6chtest lies den Blogartikel &#8211;> <a href=\"https:\/\/www.plescort.com\/blog\/was-leisten-high-class-escort-agenturen\" data-type=\"link\" data-id=\"https:\/\/www.plescort.com\/blog\/was-leisten-high-class-escort-agenturen\" target=\"_blank\" rel=\"noopener\">Was macht eine gute Escort Agentur aus?<br><\/a><br><strong>Plescort \u2013 meine kleine High Class Escort Agentur \u00a0<\/strong><\/p><\/div><\/div><\/div>\n\n\n\n<div class=\"wp-block-essential-blocks-button  root-eb-button-p538g\"><div class=\"eb-parent-wrapper eb-parent-eb-button-p538g\"><div class=\"eb-button-wrapper eb-button-alignment eb-button-p538g\"><div class=\"eb-button\"><div class=\"eb-button-inner-wrapper\"><a class=\"eb-button-anchor\" href=\"https:\/\/www.plescort.com\/\" rel=\"noopener\" target=\"_blank\">Plescort High Class Escort Agentur<\/a><\/div><\/div><\/div><\/div><\/div>\n\n\n\n<div style=\"height:100px\" aria-hidden=\"true\" class=\"wp-block-spacer\"><\/div>\n\n\n\n<div class=\"wp-block-essential-blocks-slider  root-eb-slider-ol5i6 eb_liquid_glass-effect1 eb_liquid_glass_shadow-effect2\"><div class=\"eb-parent-wrapper eb-parent-eb-slider-ol5i6\"><div class=\"eb-slider-wrapper eb-slider-ol5i6 default-slider\" data-blockid=\"eb-slider-ol5i6\" data-version=\"v4\" data-settings=\"eyJhcnJvd3MiOnRydWUsImFkYXB0aXZlSGVpZ2h0Ijp0cnVlLCJhdXRvcGxheSI6dHJ1ZSwiYXV0b3BsYXlTcGVlZCI6MzAwMCwiZG90cyI6dHJ1ZSwiZmFkZSI6ZmFsc2UsImluZmluaXRlIjp0cnVlLCJwYXVzZU9uSG92ZXIiOnRydWUsInNsaWRlc1RvU2hvdyI6Mywic3BlZWQiOjc5NSwidmVydGljYWwiOmZhbHNlLCJjdXJyZW50U2xpZGUiOjAsInJ0bCI6ZmFsc2UsInJlc3BvbnNpdmUiOlt7ImJyZWFrcG9pbnQiOjEwMjUsInNldHRpbmdzIjp7InNsaWRlc1RvU2hvdyI6M319LHsiYnJlYWtwb2ludCI6NzY3LCJzZXR0aW5ncyI6eyJzbGlkZXNUb1Nob3ciOjN9fV19\" data-arrownexticon=\"fas fa-arrow-alt-circle-right\" data-arrowprevicon=\"fas fa-arrow-alt-circle-left\" data-lightbox=\"false\"><div class=\"eb-slider-init eb-slider-type-image\"><div class=\"eb-slider-item content-1\" data-src=\"https:\/\/irinalefey.com\/wp-content\/uploads\/2026\/03\/Escort-Agentur-Frankfurt-Plescort-4-1.jpg\"><div><img class=\"eb-slider-image\" data-lazy=\"https:\/\/irinalefey.com\/wp-content\/uploads\/2026\/03\/Escort-Agentur-Frankfurt-Plescort-4-1.jpg\"\/><\/div><\/div><div class=\"eb-slider-item content-1\" data-src=\"https:\/\/irinalefey.com\/wp-content\/uploads\/2026\/03\/Escort-Agentur-Frankfurt-Plescort-5-1.jpg\"><div><img class=\"eb-slider-image\" data-lazy=\"https:\/\/irinalefey.com\/wp-content\/uploads\/2026\/03\/Escort-Agentur-Frankfurt-Plescort-5-1.jpg\"\/><\/div><\/div><div class=\"eb-slider-item content-1\" data-src=\"https:\/\/irinalefey.com\/wp-content\/uploads\/2026\/03\/Escort-Agentur-Frankfurt-Plescort-6-1.jpg\"><div><img class=\"eb-slider-image\" data-lazy=\"https:\/\/irinalefey.com\/wp-content\/uploads\/2026\/03\/Escort-Agentur-Frankfurt-Plescort-6-1.jpg\"\/><\/div><\/div><div class=\"eb-slider-item content-1\" data-src=\"https:\/\/irinalefey.com\/wp-content\/uploads\/2026\/03\/Escort-Agentur-Frankfurt-Plescort-7-1.jpg\"><div><img class=\"eb-slider-image\" data-lazy=\"https:\/\/irinalefey.com\/wp-content\/uploads\/2026\/03\/Escort-Agentur-Frankfurt-Plescort-7-1.jpg\"\/><\/div><\/div><div class=\"eb-slider-item content-1\" data-src=\"https:\/\/irinalefey.com\/wp-content\/uploads\/2026\/03\/Escort-Agentur-Frankfurt-Plescort-8-1.jpg\"><div><img class=\"eb-slider-image\" data-lazy=\"https:\/\/irinalefey.com\/wp-content\/uploads\/2026\/03\/Escort-Agentur-Frankfurt-Plescort-8-1.jpg\"\/><\/div><\/div><div class=\"eb-slider-item content-1\" data-src=\"https:\/\/irinalefey.com\/wp-content\/uploads\/2026\/03\/Escort-Agentur-Frankfurt-Plescort-9-1.jpg\"><div><img class=\"eb-slider-image\" data-lazy=\"https:\/\/irinalefey.com\/wp-content\/uploads\/2026\/03\/Escort-Agentur-Frankfurt-Plescort-9-1.jpg\"\/><\/div><\/div><div class=\"eb-slider-item content-1\" data-src=\"https:\/\/irinalefey.com\/wp-content\/uploads\/2026\/03\/Escort-Agentur-Frankfurt-Plescort-2-1.jpg\"><div><img class=\"eb-slider-image\" data-lazy=\"https:\/\/irinalefey.com\/wp-content\/uploads\/2026\/03\/Escort-Agentur-Frankfurt-Plescort-2-1.jpg\"\/><\/div><\/div><div class=\"eb-slider-item content-1\" data-src=\"https:\/\/irinalefey.com\/wp-content\/uploads\/2026\/03\/Escort-Agentur-Frankfurt-Plescort.-1.jpg\"><div><img class=\"eb-slider-image\" data-lazy=\"https:\/\/irinalefey.com\/wp-content\/uploads\/2026\/03\/Escort-Agentur-Frankfurt-Plescort.-1.jpg\"\/><\/div><\/div><div class=\"eb-slider-item content-1\" data-src=\"https:\/\/irinalefey.com\/wp-content\/uploads\/2026\/03\/Escort-Agentur-Frankfurt-Plescort.-3.jpg\"><div><img class=\"eb-slider-image\" data-lazy=\"https:\/\/irinalefey.com\/wp-content\/uploads\/2026\/03\/Escort-Agentur-Frankfurt-Plescort.-3.jpg\"\/><\/div><\/div><\/div><\/div><\/div><\/div>\n\n\n<div data-spectra-id=\"spectra-7ad4fbb2-c17c-4733-b390-57b5ab2fbaa0\"\tstyle=\"overflow: visible; --spectra-background-color: var(u002du002dast-global-color-0);\" class=\"spectra-is-root-container alignfull spectra-overlay-color spectra-overflow spectra-background-color wp-block-spectra-container\" data-orientation=\"vertical\"\t>\n\t<\/div>\n\n\n\n<p><\/p>","protected":false},"excerpt":{"rendered":"<p>Meine Passion f\u00fcr den High Class Escort Schon immer war ich fasziniert von der Welt des High Class Escorts \u2013 einer Welt, die viel mehr ist als nur glamour\u00f6se Treffen und aufregende Begegnungen. F\u00fcr mich ist Escort eine Kunstform, eine M\u00f6glichkeit, Menschen auf eine ganz besondere Weise zu ber\u00fchren und ihnen unvergessliche Erlebnisse zu schenken. [&hellip;]<\/p>\n","protected":false},"author":1,"featured_media":1763,"parent":0,"menu_order":0,"comment_status":"closed","ping_status":"closed","template":"","meta":{"_eb_attr":"","_uag_custom_page_level_css":"","site-sidebar-layout":"no-sidebar","site-content-layout":"plain-container","ast-site-content-layout":"normal-width-container","site-content-style":"unboxed","site-sidebar-style":"unboxed","ast-global-header-display":"","ast-banner-title-visibility":"","ast-main-header-display":"","ast-hfb-above-header-display":"","ast-hfb-below-header-display":"","ast-hfb-mobile-header-display":"","site-post-title":"disabled","ast-breadcrumbs-content":"","ast-featured-img":"","footer-sml-layout":"","ast-disable-related-posts":"","theme-transparent-header-meta":"enabled","adv-header-id-meta":"","stick-header-meta":"","header-above-stick-meta":"","header-main-stick-meta":"","header-below-stick-meta":"","astra-migrate-meta-layouts":"set","ast-page-background-enabled":"default","ast-page-background-meta":{"desktop":{"background-color":"var(--ast-global-color-4)","background-image":"","background-repeat":"repeat","background-position":"center center","background-size":"auto","background-attachment":"scroll","background-type":"","background-media":"","overlay-type":"","overlay-color":"","overlay-opacity":"","overlay-gradient":""},"tablet":{"background-color":"","background-image":"","background-repeat":"repeat","background-position":"center center","background-size":"auto","background-attachment":"scroll","background-type":"","background-media":"","overlay-type":"","overlay-color":"","overlay-opacity":"","overlay-gradient":""},"mobile":{"background-color":"","background-image":"","background-repeat":"repeat","background-position":"center center","background-size":"auto","background-attachment":"scroll","background-type":"","background-media":"","overlay-type":"","overlay-color":"","overlay-opacity":"","overlay-gradient":""}},"ast-content-background-meta":{"desktop":{"background-color":"var(--ast-global-color-5)","background-image":"","background-repeat":"repeat","background-position":"center center","background-size":"auto","background-attachment":"scroll","background-type":"","background-media":"","overlay-type":"","overlay-color":"","overlay-opacity":"","overlay-gradient":""},"tablet":{"background-color":"var(--ast-global-color-5)","background-image":"","background-repeat":"repeat","background-position":"center center","background-size":"auto","background-attachment":"scroll","background-type":"","background-media":"","overlay-type":"","overlay-color":"","overlay-opacity":"","overlay-gradient":""},"mobile":{"background-color":"var(--ast-global-color-5)","background-image":"","background-repeat":"repeat","background-position":"center center","background-size":"auto","background-attachment":"scroll","background-type":"","background-media":"","overlay-type":"","overlay-color":"","overlay-opacity":"","overlay-gradient":""}},"footnotes":""},"class_list":["post-1285","page","type-page","status-publish","has-post-thumbnail","hentry"],"_hostinger_reach_plugin_has_subscription_block":false,"_hostinger_reach_plugin_is_elementor":false,"uagb_featured_image_src":{"full":["https:\/\/irinalefey.com\/wp-content\/uploads\/2026\/03\/Independent-Escort-Irina-le-Fey-6.jpg",1800,1200,false],"thumbnail":["https:\/\/irinalefey.com\/wp-content\/uploads\/2026\/03\/Independent-Escort-Irina-le-Fey-6-150x150.jpg",150,150,true],"medium":["https:\/\/irinalefey.com\/wp-content\/uploads\/2026\/03\/Independent-Escort-Irina-le-Fey-6-300x200.jpg",300,200,true],"medium_large":["https:\/\/irinalefey.com\/wp-content\/uploads\/2026\/03\/Independent-Escort-Irina-le-Fey-6-768x512.jpg",768,512,true],"large":["https:\/\/irinalefey.com\/wp-content\/uploads\/2026\/03\/Independent-Escort-Irina-le-Fey-6-1024x683.jpg",1024,683,true],"1536x1536":["https:\/\/irinalefey.com\/wp-content\/uploads\/2026\/03\/Independent-Escort-Irina-le-Fey-6-1536x1024.jpg",1536,1024,true],"2048x2048":["https:\/\/irinalefey.com\/wp-content\/uploads\/2026\/03\/Independent-Escort-Irina-le-Fey-6.jpg",1800,1200,false],"trp-custom-language-flag":["https:\/\/irinalefey.com\/wp-content\/uploads\/2026\/03\/Independent-Escort-Irina-le-Fey-6-18x12.jpg",18,12,true]},"uagb_author_info":{"display_name":"Irina","author_link":"https:\/\/irinalefey.com\/en\/author\/irina-le-feyweb-de\/"},"uagb_comment_info":0,"uagb_excerpt":"Meine Passion f\u00fcr den High Class Escort Schon immer war ich fasziniert von der Welt des High Class Escorts \u2013 einer Welt, die viel mehr ist als nur glamour\u00f6se Treffen und aufregende Begegnungen. F\u00fcr mich ist Escort eine Kunstform, eine M\u00f6glichkeit, Menschen auf eine ganz besondere Weise zu ber\u00fchren und ihnen unvergessliche Erlebnisse zu schenken.&hellip;","_links":{"self":[{"href":"https:\/\/irinalefey.com\/en\/wp-json\/wp\/v2\/pages\/1285","targetHints":{"allow":["GET"]}}],"collection":[{"href":"https:\/\/irinalefey.com\/en\/wp-json\/wp\/v2\/pages"}],"about":[{"href":"https:\/\/irinalefey.com\/en\/wp-json\/wp\/v2\/types\/page"}],"author":[{"embeddable":true,"href":"https:\/\/irinalefey.com\/en\/wp-json\/wp\/v2\/users\/1"}],"replies":[{"embeddable":true,"href":"https:\/\/irinalefey.com\/en\/wp-json\/wp\/v2\/comments?post=1285"}],"version-history":[{"count":15,"href":"https:\/\/irinalefey.com\/en\/wp-json\/wp\/v2\/pages\/1285\/revisions"}],"predecessor-version":[{"id":1722,"href":"https:\/\/irinalefey.com\/en\/wp-json\/wp\/v2\/pages\/1285\/revisions\/1722"}],"wp:featuredmedia":[{"embeddable":true,"href":"https:\/\/irinalefey.com\/en\/wp-json\/wp\/v2\/media\/1763"}],"wp:attachment":[{"href":"https:\/\/irinalefey.com\/en\/wp-json\/wp\/v2\/media?parent=1285"}],"curies":[{"name":"wp","href":"https:\/\/api.w.org\/{rel}","templated":true}]}}