{"id":1295,"date":"2026-03-02T11:46:41","date_gmt":"2026-03-02T11:46:41","guid":{"rendered":"https:\/\/irinalefey.com\/?page_id=1295"},"modified":"2026-03-11T06:25:53","modified_gmt":"2026-03-11T06:25:53","slug":"independent-escort-frankfurt","status":"publish","type":"page","link":"https:\/\/irinalefey.com\/en\/independent-escort-frankfurt\/","title":{"rendered":"Independent Escort Frankfurt"},"content":{"rendered":"<div class=\"wp-block-group alignfull has-ast-global-color-4-background-color has-background is-layout-flow wp-block-group-is-layout-flow\" style=\"margin-top:0;margin-bottom:0\">\n<div style=\"height:0.44rem;width:0px\" aria-hidden=\"true\" class=\"wp-block-spacer\"><\/div>\n\n\n\n<div class=\"wp-block-group alignwide is-content-justification-center is-nowrap is-layout-flex wp-container-core-group-is-layout-23441af8 wp-block-group-is-layout-flex\"><section data-spectra-id=\"spectra-mfo1bb4i-vszok2\"\tstyle=\"overflow: visible; --spectra-background-color: var(--ast-global-color-2); --spectra-overlay-opacity: 0.3; --spectra-box-shadow: 0px 0px 0px 0px transparent;\" class=\"spectra-is-root-container spectra-overlay-color spectra-overflow spectra-background-color spectra-dim-ratio spectra-box-shadow wp-block-spectra-container\" data-orientation=\"vertical\"\t>\n\t\n\n<div class=\"wp-block-cover is-light has-parallax\" style=\"min-height:555px;aspect-ratio:unset\"><div role=\"img\" aria-label=\"escort frankfurt (4)\" class=\"wp-block-cover__image-background wp-image-1534 size-full has-parallax\" style=\"background-position:50% 50%;background-image:url(https:\/\/irinalefey.com\/wp-content\/uploads\/2026\/03\/Escort-Frankfurt-4.jpg)\"><\/div><span class=\"wp-block-cover__background has-background-dim-60 has-background-dim\" style=\"background-color:#8b867b\"><\/span><div class=\"wp-block-cover__inner-container is-layout-constrained wp-block-cover-is-layout-constrained\">\n<h1 class=\"wp-block-heading has-text-align-left has-ast-global-color-7-color has-text-color has-link-color wp-elements-53aa9f88d4ee092ef8fa47989a7294b0\" style=\"font-size:54px\">Independent Escort Frankfurt<\/h1>\n\n\n\n<h2 class=\"wp-block-heading has-text-align-left has-ast-global-color-4-color has-text-color has-link-color has-large-font-size wp-elements-5ad6f9c91fa6a60862780fcf501229f3\">-Independent Escort Dates Frankfurt \u2013 Intellektuelle Begleitung mit Tiefgang<\/h2>\n<\/div><\/div>\n\n<\/section>\n<\/div>\n\n\n\n<div style=\"height:0px;width:0px\" aria-hidden=\"true\" class=\"wp-block-spacer\"><\/div>\n<\/div>\n\n\n\n<div class=\"wp-block-group has-background is-content-justification-center is-layout-constrained wp-container-core-group-is-layout-d7a71814 wp-block-group-is-layout-constrained\" style=\"background-color:#f2f0e9;padding-right:0;padding-left:0\">\n<div style=\"height:70px;width:0px\" aria-hidden=\"true\" class=\"wp-block-spacer\"><\/div>\n\n\n\n<div class=\"wp-block-columns alignwide are-vertically-aligned-center is-layout-flex wp-container-core-columns-is-layout-28f84493 wp-block-columns-is-layout-flex\">\n<div class=\"wp-block-column is-layout-flow wp-block-column-is-layout-flow\" style=\"flex-basis:50%\">\n<h2 class=\"wp-block-heading has-text-color\" style=\"color:#000000;font-size:49px\">Independent <strong>Escort Dates in Frankfurt<\/strong><\/h2>\n<\/div>\n\n\n\n<div class=\"wp-block-column is-layout-flow wp-block-column-is-layout-flow\" style=\"flex-basis:50%\">\n<hr class=\"wp-block-separator has-text-color has-css-opacity has-background is-style-wide\" style=\"background-color:#000000;color:#000000\"\/>\n<\/div>\n<\/div>\n\n\n\n<div class=\"wp-block-columns alignwide is-layout-flex wp-container-core-columns-is-layout-28f84493 wp-block-columns-is-layout-flex\">\n<div class=\"wp-block-column is-layout-flow wp-block-column-is-layout-flow\">\n<p>Als studierte Soziologin und gelernte Goldschmiedin habe ich viele Jahre in <a href=\"https:\/\/de.wikipedia.org\/wiki\/Frankfurt_am_Main\" data-type=\"link\" data-id=\"https:\/\/de.wikipedia.org\/wiki\/Frankfurt_am_Main\" target=\"_blank\" rel=\"noopener\">Frankfurt am Main<\/a> gelebt und bin aufgrund meiner Familie und meines Freundeskreises alle p\u00fcaar Wochen in der&nbsp; Mainmetropole, da dies einfach meine Heimat ist. Als Independent Escort Frankfurt biete ich Dir mehr als nur Begleitung.Ich schaffe Momente echter Verbindung, inspirierender Gespr\u00e4che und sinnlicher Intimit\u00e4t.<\/p>\n\n\n\n<p class=\"has-text-align-left\">Was mich von anderen Independent Escorts in Frankfurt unterscheidet? Ich verbinde intellektuelle Tiefe mit k\u00fcnstlerischer Sensibilit\u00e4t und echter Authentizit\u00e4t. Bei mir erlebst du eine High Class Escort Girlfriend Experience, die weit \u00fcber das eigentliche Escort Date hinaus wirkt. Ich habe gelernt im Moment zu leben und jede Begegnung mit Pr\u00e4senz und Offenheit zu erleben. Dies ist eine F\u00e4higkeit, die ich in unsere gemeinsame Zeit einbringe.<\/p>\n\n\n\n<p>Ob wir \u00fcber die aktuelle Ausstellung im St\u00e4del Museum diskutieren, gemeinsam ein Konzert in der Alten Oper genie\u00dfen oder einfach bei einem Glas Wein am Mainufer die Stadt auf uns wirken lassen. Mit mir als Independent Escort Begleitung in Frankfurt erlebst du die Mainmetropole auf eine neue und sehr authentische Art.<\/p>\n<\/div>\n\n\n\n<div class=\"wp-block-column is-layout-flow wp-block-column-is-layout-flow\">\n<h3 class=\"wp-block-heading has-medium-font-size\">Frankfurt erleben mit deiner Independent Escort Dame <\/h3>\n\n\n\n<p class=\"has-text-color has-extra-small-font-size\" style=\"color:#000000\">Als Independent Escort Frankfurt, die lange in Frankfurt gelebt hat kenne ich nicht nur die bekannten Hotspots, sondern auch die versteckten Juwelen der Stadt. Solche Momente, in denen exzellente Kulinarik auf interessante Gespr\u00e4che trifft, machen meine Arbeit als Escort Frankfurt so besonders.<\/p>\n\n\n\n<h3 class=\"wp-block-heading has-medium-font-size\">Kulinarische H\u00f6hepunkte mit mir als Independent Escort Dame in Frankfurt<\/h3>\n\n\n\n<p>Frankfurt bietet eine exquisite Gastronomieszene, die ich als Escort Dame mit dir teilen m\u00f6chte. F\u00fcr besondere Anl\u00e4sse empfehle ich das Fran\u00e7ais im Steigenberger Frankfurter Hof, ein Zwei-Sterne-Restaurant, das h\u00f6chste kulinarische Anspr\u00fcche erf\u00fcllt oder das La Fleurt im Palmengarten.<\/p>\n\n\n\n<p class=\"has-text-color has-extra-small-font-size\" style=\"color:#000000\">Ich mag au\u00dferdem sehr gerne das Mon Amie Maxi und das Leuchgtendroter. Als Escort in Frankfurt kenne ich die besten Tische, die diskretesten Ecken und die perfekten Locations f\u00fcr jede Stimmung und jeden Anlass.<\/p>\n<\/div>\n\n\n\n<div class=\"wp-block-column is-layout-flow wp-block-column-is-layout-flow\">\n<h3 class=\"wp-block-heading\">Kulturelle Erlebnisse mit einer Independent Escort Dame in Frankfurt<\/h3>\n\n\n\n<p class=\"has-text-color has-extra-small-font-size\" style=\"color:#000000\">Die Alte Oper Frankfurt ist nicht nur architektonisch beeindruckend, sondern bietet erstklassige Konzerte und Veranstaltungen. Als kulturinteressierte Begleiterin mit Leidenschaft f\u00fcr Musik und Kunst genie\u00dfe ich es, gemeinsam mit dir klassische Konzerte, Opern oder verschiedene Inszenierungen zu erleben. Diese gemeinsamen kulturellen Erlebnisse schaffen eine besondere Verbindung zwischen uns.<\/p>\n\n\n\n<p class=\"has-text-color has-extra-small-font-size\" style=\"color:#000000\">Das Museumsufer mit seinen renommierten H\u00e4usern wie dem St\u00e4del Museum oder dem Museum f\u00fcr Moderne Kunst bietet unz\u00e4hlige M\u00f6glichkeiten f\u00fcr inspirierende Gespr\u00e4che. Als Independent Escort in Frankfurt begleite ich dich gerne zu Ausstellungen, Vernissagen und kulturellen Events. Buch dir mit mir das perfekte Escort Date in Frankfurt.<\/p>\n\n\n\n<h3 class=\"wp-block-heading\">Diskrete Hotel-Empfehlungen f\u00fcr unser Escort Date in Frankfurt<\/h3>\n\n\n\n<p>F\u00fcr Escort Dates Frankfurt empfehle ich das <a href=\"https:\/\/sofitel.accor.com\/de\/hotels\/8159.html?merchantid=ppc-sof-mar-goo-ww-de-ww-mix-sear-bp-cen&amp;sourceid=bp-cenbp-cen&amp;utm_source=google&amp;utm_medium=cpc&amp;utm_campaign=ppc-sof-mar-goo-ww-de-ww-mix-sear-bp&amp;utm_term=mar&amp;utm_content=ww-de-all-all&amp;wiz_campaign=20878910839&amp;gad_source=1&amp;gad_campaignid=20878910839&amp;gclid=Cj0KCQjw37nNBhDkARIsAEBGI8Po2N6uw8zdERd8Nje1dcSQ4-JgIluEy9PXEpZH2vU1TVRELTAExrgaAgvvEALw_wcB\" data-type=\"link\" data-id=\"https:\/\/sofitel.accor.com\/de\/hotels\/8159.html?merchantid=ppc-sof-mar-goo-ww-de-ww-mix-sear-bp-cen&amp;sourceid=bp-cenbp-cen&amp;utm_source=google&amp;utm_medium=cpc&amp;utm_campaign=ppc-sof-mar-goo-ww-de-ww-mix-sear-bp&amp;utm_term=mar&amp;utm_content=ww-de-all-all&amp;wiz_campaign=20878910839&amp;gad_source=1&amp;gad_campaignid=20878910839&amp;gclid=Cj0KCQjw37nNBhDkARIsAEBGI8Po2N6uw8zdERd8Nje1dcSQ4-JgIluEy9PXEpZH2vU1TVRELTAExrgaAgvvEALw_wcB\" target=\"_blank\" rel=\"noopener\">Sofitel Frankfurt Opera<\/a> mit seinem eleganten franz\u00f6sischen Flair, das <a href=\"https:\/\/www.roomers-hotels.com\/frankfurt-central\/\" data-type=\"link\" data-id=\"https:\/\/www.roomers-hotels.com\/frankfurt-central\/\" target=\"_blank\" rel=\"noopener\">Roomers Frankfurt<\/a> mit seiner bekannten Bar und einem Spa ge\u00f6ffnet bis 24 Uhr. Besonders mag ich auch das traditionelle <a href=\"https:\/\/hrewards.com\/de\/steigenberger-icon-frankfurter-hof?wt_mc=paid_search_brand.icon.google.frankfurt_frankfurter_hof.hotel_link.responsive_ad&amp;gad_source=1&amp;gad_campaignid=1095577603&amp;gclid=Cj0KCQjw37nNBhDkARIsAEBGI8OP0e3c-XFj8JgggruBfSas2gIdf7TcPIoITC51zPgL4-l4hST_nLEaAmr3EALw_wcB\" data-type=\"link\" data-id=\"https:\/\/hrewards.com\/de\/steigenberger-icon-frankfurter-hof?wt_mc=paid_search_brand.icon.google.frankfurt_frankfurter_hof.hotel_link.responsive_ad&amp;gad_source=1&amp;gad_campaignid=1095577603&amp;gclid=Cj0KCQjw37nNBhDkARIsAEBGI8OP0e3c-XFj8JgggruBfSas2gIdf7TcPIoITC51zPgL4-l4hST_nLEaAmr3EALw_wcB\" target=\"_blank\" rel=\"noopener\">Steigenberger Frankfurter Hof<\/a> or <a href=\"https:\/\/www.theflorentin.com\/de\/das-hotel\" target=\"_blank\" rel=\"noopener\">The Florentin<\/a>. Diese Hotels bieten nicht nur h\u00f6chsten Komfort und erstklassigen Service, sondern auch die Diskretion und Privatsph\u00e4re, die als Gast in Begleitung einer Independent Escort Dame in Frankfurt von N\u00f6ten ist.<\/p>\n<\/div>\n<\/div>\n\n\n\n<div style=\"height:40px;width:0px\" aria-hidden=\"true\" class=\"wp-block-spacer\"><\/div>\n<\/div>\n\n\n\n<h2 class=\"wp-block-heading has-text-align-center has-ast-global-color-4-color has-ast-global-color-3-background-color has-text-color has-background has-link-color has-large-font-size wp-elements-644f727af1d0609dab82ce94fed6fb74\"><strong>Was macht mich als Independent Escort Frankfurt besonders?&nbsp;<\/strong><\/h2>\n\n\n\n<div class=\"wp-block-group is-layout-constrained wp-block-group-is-layout-constrained\">\n<div class=\"wp-block-columns is-layout-flex wp-container-core-columns-is-layout-28f84493 wp-block-columns-is-layout-flex\">\n<div class=\"wp-block-column is-layout-flow wp-block-column-is-layout-flow\">\n<p style=\"font-size:18px\">Ich bin keine typische Escort. Mein Studium der Soziologie und Gender Studies hat meinen Blick auf Menschen und Beziehungen gepr\u00e4gt. Ich sehe hinter Fassaden und verstehe die Komplexit\u00e4t menschlicher Verbindungen. Meine Ausbildung zur Goldschmiedin hat mich gelehrt, mit Pr\u00e4zision und Hingabe zu arbeiten und Sch\u00f6nheit in Details zu finden.<\/p>\n\n\n\n<p style=\"font-size:19px\">Diese Kombination macht mich zu einer Independent Escort Dame in Frankfurt, die auf mehreren Ebenen bereichert: intellektuell durch tiefgr\u00fcndige Gespr\u00e4che, emotional durch echte Pr\u00e4senz und Empathie, und sinnlich durch meine nat\u00fcrliche, ungezwungene Art. Mit meinen zwei Hunden verbringe ich viel Zeit in der Natur. Diese Erdung und Authentizit\u00e4t bringe ich in jede Begegnung ein. Ich habe vor kurzem au\u00dferdem meinen Jagdschein bestanden und verbringe daher noch mehr Zeit in der Natur als vorher.&nbsp;<\/p>\n\n\n\n<h3 class=\"wp-block-heading\">Als Independent Escort in Frankfurt biete ich individuell abgestimmte Escort Dates:<\/h3>\n\n\n\n<h4 class=\"wp-block-heading\"><strong>Escort Dates Frankfurt im Hotel:<\/strong><\/h4>\n\n\n\n<p>Gerne besuche ich dich in einem Hotel in Frankfurt oder begleite dich zu gesch\u00e4ftlichen oder privaten Anl\u00e4ssen. Ob eine wichtige Firmenveranstaltung, bei der du eine charmante, gebildete Begleiterin an deiner Seite w\u00fcnschst, oder ein privates Dinner. Ich passe mich m\u00fchelos jeder Situation an.<\/p>\n\n\n\n<h4 class=\"wp-block-heading\"><strong>Dinner-Dates und Events:<\/strong><\/h4>\n\n\n\n<p>Als Independent Escort Frankfurt begleite ich dich zu gesch\u00e4ftlichen Essen, privaten Dinner-Dates oder gesellschaftlichen Events. Stets charmant, gebildet und diskret. Ich verstehe die Kunst des Small-Talks genauso wie die Tiefe philosophischer Diskussionen und bewege mich sicher in jedem sozialen Umfeld.<\/p>\n\n\n\n<h4 class=\"wp-block-heading\"><strong>\u00dcbernachtungen und Escort Dates am Wochenend<\/strong>e<\/h4>\n\n\n\n<p>F\u00fcr l\u00e4ngere Verabredungen biete ich Overnight-Dates oder ganze Wochenenden an. Verbring eine ganze Nacht in meiner Gesellschaft, wache neben mir auf, und erlebe die besondere Intimit\u00e4t, die sich entwickelt, wenn wir mehr Zeit miteinander haben. Diese ausgedehnten Escort Dates in Frankfurt sind oft die intensivsten und erf\u00fcllendsten Begegnungen.<\/p>\n<\/div>\n\n\n\n<div class=\"wp-block-column is-layout-flow wp-block-column-is-layout-flow\">\n<h2 class=\"wp-block-heading\">H\u00e4ufig gestellte Fragen zu Independent Escort Frankfurt<\/h2>\n\n\n\n<h3 class=\"wp-block-heading\">Wie lange im Voraus sollte man das Escort Date Frankfurt buchen?<\/h3>\n\n\n\n<p>F\u00fcr Overnight-Dates, Wochenenden oder zu beliebten Terminen (Wochenenden, Feiertage) bitte ich um mindestens 4-5 Tage Vorlaufzeit, damit ich einen Hundesitter organisieren und mich optimal auf unser Escort Date Frankfurt vorbereiten kann.<\/p>\n\n\n\n<h3 class=\"wp-block-heading\">Warum sollte man mich f\u00fcr ein Independent Escort Date in Frankfurt buchen?<\/h3>\n\n\n\n<p>Ich bin keine Independent Escort Dame, die nur eine Rolle spielt, denn ich bin immer auch authentisch ich selbst. Mein Hintergrund in Soziologie und Goldschmiedekunst, meine Liebe zu Kunst, Natur und Menschen, sowie meine Hobbies der Jagd und meine Hunde machen mich zu einer vielschichtigen, echten Person. Viele meiner Stammkunden sch\u00e4tzen genau diese Authentizit\u00e4t und intellektuelle Tiefe.<\/p>\n\n\n\n<p>Absolute Diskretion ist selbstverst\u00e4ndlich und die Basis meiner Arbeit als Independent Escort Frankfurt. Was zwischen uns geschieht, bleibt zwischen uns. Ich behandle alle Informationen streng vertraulich und verstehe mich als Ihre diskrete Begleiterin f\u00fcr besondere Momente. Viele meiner Kunden sind in exponierten Positionen und ihr Vertrauen ist mir heilig.<\/p>\n\n\n\n<h4 class=\"wp-block-heading\">Kontakt f\u00fcr ein Independent Escort Date in Frankfurt<\/h4>\n\n\n\n<p>Ich freue mich darauf dich kennenzulernen! Kontaktiere&nbsp;mich \u00fcber meine <a href=\"https:\/\/irinalefey.com\/en\/kontakt\/\" data-type=\"page\" data-id=\"13\">Kontaktseite<\/a> mit deinen W\u00fcnschen und Vorstellungen f\u00fcr unser Treffen. Bitte stell dich kurz vor, und teile mir Datum, die&nbsp; bevorzugte Uhrzeit, die gew\u00fcnschte Dauer und den Ort mit. Je mehr du mir \u00fcber Deine Erwartungen mitteilst, desto besser kann ich unser Escort Date vorbereiten.Gerne kannst du auch eine Dame meiner <a href=\"https:\/\/irinalefey.com\/en\/plescort-agentur\/\" data-type=\"page\" data-id=\"1285\">Escort Agentur <\/a>oder von meiner <a href=\"https:\/\/irinalefey.com\/en\/duo-partner\/\" data-type=\"page\" data-id=\"1432\">Duo Partner Page<\/a> f\u00fcr ein Duo Date dazu buchen. <\/p>\n\n\n\n<p style=\"font-size:18px\">Als Independent Escort in Frankfurt am Main schaffe ich einen sicheren Raum, in dem du dich \u00f6ffnen, entspannen und ganz du selbst sein kannst. Lass uns gemeinsam unvergessliche Momente in dieser wunderbaren Stadt erleben. Momente, an die wir noch lange zur\u00fcckdenken werden.<\/p>\n<\/div>\n<\/div>\n\n\n<div class=\"root-eb-form-oulzz wp-block-essential-blocks-form\">\n    <div class=\"eb-parent-wrapper eb-parent-eb-form-oulzz\">\n        <div id=\"eb-form-oulzz\" class=\"eb-form-oulzz eb-form-wrapper\">\n            <form id=\"ebf-90da83\"\n                class=\"eb-form form-layout-block form-style-classic\" action=\"\" data-trp-original-action=\"\">\n                <div class=\"eb-form-fields\">\n                                        \n\n<div class=\"wp-block-essential-blocks-row alignfull  root-eb-row-pc4yo\"><div class=\"eb-parent-wrapper eb-parent-eb-row-pc4yo\"><div class=\"eb-row-root-container eb-row-pc4yo\" data-id=\"eb-row-pc4yo\"><div class=\"eb-row-wrapper\"><div class=\"eb-row-inner\">\n<div class=\"wp-block-essential-blocks-column  root-eb-column-igf5h\"><div class=\"eb-parent-wrapper eb-parent-eb-column-igf5h\"><div class=\"eb-column-wrapper eb-column-igf5h\"><div class=\"eb-column-inner\">\n<div class=\"wp-block-essential-blocks-form-text-field eb-form-field root-eb-text-field-7osy6\"><div class=\"eb-parent-wrapper eb-parent-eb-text-field-7osy6\"><div class=\"eb-text-field-7osy6 eb-text-field-wrapper eb-field-wrapper\"><label for=\"first-name\">First Name <span class=\"eb-required\">*<\/span><\/label><div class=\"eb-field-input-wrap\"><i icon=\"fas fa-user\" class=\"fas fa-user eb-input-icon\"><\/i><input type=\"text\" id=\"first-name\" name=\"first-name\" class=\"eb-field-input\" placeholder=\"Enter your first name here...\" \/><\/div><div class=\"eb-form-validation eb-validate-first-name\">This field is required.<\/div><\/div><\/div><\/div>\n<\/div><\/div><\/div><\/div>\n<\/div><\/div><\/div><\/div><\/div>\n\n\n\n<div class=\"wp-block-essential-blocks-form-text-field eb-form-field root-eb-text-field-j97pl\"><div class=\"eb-parent-wrapper eb-parent-eb-text-field-j97pl\"><div class=\"eb-text-field-j97pl eb-text-field-wrapper eb-field-wrapper\"><label for=\"subject\">Subject <span class=\"eb-required\">*<\/span><\/label><div class=\"eb-field-input-wrap\"><i icon=\"fas fa-user\" class=\"fas fa-user eb-input-icon\"><\/i><input type=\"text\" id=\"subject\" name=\"subject\" class=\"eb-field-input\" placeholder=\"Enter your subject here...\" \/><\/div><div class=\"eb-form-validation eb-validate-subject\">This field is required.<\/div><\/div><\/div><\/div>\n\n\n\n<div class=\"wp-block-essential-blocks-form-email-field eb-form-field root-eb-email-field-w5jc3\"><div class=\"eb-parent-wrapper eb-parent-eb-email-field-w5jc3\"><div class=\"eb-email-field-w5jc3 eb-email-field-wrapper eb-field-wrapper\"><label for=\"email\">email <span class=\"eb-required\">*<\/span><\/label><div class=\"eb-field-input-wrap\"><i icon=\"far fa-envelope\" class=\"far fa-envelope eb-input-icon\"><\/i><input type=\"email\" id=\"email\" name=\"email\" class=\"eb-field-input\" placeholder=\"Enter your email here...\" \/><\/div><div class=\"eb-form-validation eb-validate-email\">This field is required.<\/div><\/div><\/div><\/div>\n\n\n\n<div class=\"wp-block-essential-blocks-form-textarea-field eb-form-field root-eb-textarea-field-s75wk\"><div class=\"eb-parent-wrapper eb-parent-eb-textarea-field-s75wk\"><div class=\"eb-textarea-field-s75wk eb-textarea-field-wrapper eb-field-wrapper\"><label for=\"message\">Message <\/label><div class=\"eb-field-input-wrap\"><i icon=\"far fa-edit\" class=\"far fa-edit eb-input-icon\"><\/i><textarea rows=\"4\" id=\"message\" class=\"eb-field-input\" name=\"message\" placeholder=\"Enter your message here...\"><\/textarea><\/div><\/div><\/div><\/div>\n\n                <\/div>\n                <input class=\"form-nonce\" type=\"hidden\" name=\"form-nonce\" value=\"8400a0ea1f\" \/>\n                <div class=\"eb-form-submit\">\n                                        <button type=\"submit\" class=\"btn btn-primary eb-form-submit-button\" data-id=\"eb-form-oulzz\" data-form-id=\"ebf-90da83\">\n                Submit\n                <img decoding=\"async\" class=\"eb-form-submit-loader\" src=\"https:\/\/irinalefey.com\/wp-content\/plugins\/essential-blocks\/assets\/images\/loading.svg\" \/>\n            <\/button>                <\/div>\n            <input type=\"hidden\" name=\"trp-form-language\" value=\"en\"\/><\/form>\n            <div class=\"eb_form_submit_response\" data-confirmation-type=\"message\" data-success=\"Your form has been submitted Successfully!\" data-error=\"Your form couldn&#039;t been submitted! Please try again\"><\/div>        <\/div>\n    <\/div>\n<\/div><\/div>","protected":false},"excerpt":{"rendered":"<p>Independent Escort Dates in Frankfurt Als studierte Soziologin und gelernte Goldschmiedin habe ich viele Jahre in Frankfurt am Main gelebt und bin aufgrund meiner Familie und meines Freundeskreises alle p\u00fcaar Wochen in der&nbsp; Mainmetropole, da dies einfach meine Heimat ist. Als Independent Escort Frankfurt biete ich Dir mehr als nur Begleitung.Ich schaffe Momente echter Verbindung, [&hellip;]<\/p>\n","protected":false},"author":1,"featured_media":1534,"parent":0,"menu_order":0,"comment_status":"closed","ping_status":"closed","template":"","meta":{"_eb_attr":"","_uag_custom_page_level_css":"","site-sidebar-layout":"default","site-content-layout":"","ast-site-content-layout":"default","site-content-style":"default","site-sidebar-style":"default","ast-global-header-display":"","ast-banner-title-visibility":"","ast-main-header-display":"","ast-hfb-above-header-display":"","ast-hfb-below-header-display":"","ast-hfb-mobile-header-display":"","site-post-title":"","ast-breadcrumbs-content":"","ast-featured-img":"","footer-sml-layout":"","ast-disable-related-posts":"","theme-transparent-header-meta":"","adv-header-id-meta":"","stick-header-meta":"","header-above-stick-meta":"","header-main-stick-meta":"","header-below-stick-meta":"","astra-migrate-meta-layouts":"set","ast-page-background-enabled":"default","ast-page-background-meta":{"desktop":{"background-color":"var(--ast-global-color-4)","background-image":"","background-repeat":"repeat","background-position":"center center","background-size":"auto","background-attachment":"scroll","background-type":"","background-media":"","overlay-type":"","overlay-color":"","overlay-opacity":"","overlay-gradient":""},"tablet":{"background-color":"","background-image":"","background-repeat":"repeat","background-position":"center center","background-size":"auto","background-attachment":"scroll","background-type":"","background-media":"","overlay-type":"","overlay-color":"","overlay-opacity":"","overlay-gradient":""},"mobile":{"background-color":"","background-image":"","background-repeat":"repeat","background-position":"center center","background-size":"auto","background-attachment":"scroll","background-type":"","background-media":"","overlay-type":"","overlay-color":"","overlay-opacity":"","overlay-gradient":""}},"ast-content-background-meta":{"desktop":{"background-color":"var(--ast-global-color-5)","background-image":"","background-repeat":"repeat","background-position":"center center","background-size":"auto","background-attachment":"scroll","background-type":"","background-media":"","overlay-type":"","overlay-color":"","overlay-opacity":"","overlay-gradient":""},"tablet":{"background-color":"var(--ast-global-color-5)","background-image":"","background-repeat":"repeat","background-position":"center center","background-size":"auto","background-attachment":"scroll","background-type":"","background-media":"","overlay-type":"","overlay-color":"","overlay-opacity":"","overlay-gradient":""},"mobile":{"background-color":"var(--ast-global-color-5)","background-image":"","background-repeat":"repeat","background-position":"center center","background-size":"auto","background-attachment":"scroll","background-type":"","background-media":"","overlay-type":"","overlay-color":"","overlay-opacity":"","overlay-gradient":""}},"footnotes":""},"class_list":["post-1295","page","type-page","status-publish","has-post-thumbnail","hentry"],"_hostinger_reach_plugin_has_subscription_block":false,"_hostinger_reach_plugin_is_elementor":false,"uagb_featured_image_src":{"full":["https:\/\/irinalefey.com\/wp-content\/uploads\/2026\/03\/Escort-Frankfurt-4.jpg",1024,768,false],"thumbnail":["https:\/\/irinalefey.com\/wp-content\/uploads\/2026\/03\/Escort-Frankfurt-4-150x150.jpg",150,150,true],"medium":["https:\/\/irinalefey.com\/wp-content\/uploads\/2026\/03\/Escort-Frankfurt-4-300x225.jpg",300,225,true],"medium_large":["https:\/\/irinalefey.com\/wp-content\/uploads\/2026\/03\/Escort-Frankfurt-4-768x576.jpg",768,576,true],"large":["https:\/\/irinalefey.com\/wp-content\/uploads\/2026\/03\/Escort-Frankfurt-4.jpg",1024,768,false],"1536x1536":["https:\/\/irinalefey.com\/wp-content\/uploads\/2026\/03\/Escort-Frankfurt-4.jpg",1024,768,false],"2048x2048":["https:\/\/irinalefey.com\/wp-content\/uploads\/2026\/03\/Escort-Frankfurt-4.jpg",1024,768,false],"trp-custom-language-flag":["https:\/\/irinalefey.com\/wp-content\/uploads\/2026\/03\/Escort-Frankfurt-4.jpg",16,12,false]},"uagb_author_info":{"display_name":"Irina","author_link":"https:\/\/irinalefey.com\/en\/author\/irina-le-feyweb-de\/"},"uagb_comment_info":0,"uagb_excerpt":"Independent Escort Dates in Frankfurt Als studierte Soziologin und gelernte Goldschmiedin habe ich viele Jahre in Frankfurt am Main gelebt und bin aufgrund meiner Familie und meines Freundeskreises alle p\u00fcaar Wochen in der&nbsp; Mainmetropole, da dies einfach meine Heimat ist. Als Independent Escort Frankfurt biete ich Dir mehr als nur Begleitung.Ich schaffe Momente echter Verbindung,&hellip;","_links":{"self":[{"href":"https:\/\/irinalefey.com\/en\/wp-json\/wp\/v2\/pages\/1295","targetHints":{"allow":["GET"]}}],"collection":[{"href":"https:\/\/irinalefey.com\/en\/wp-json\/wp\/v2\/pages"}],"about":[{"href":"https:\/\/irinalefey.com\/en\/wp-json\/wp\/v2\/types\/page"}],"author":[{"embeddable":true,"href":"https:\/\/irinalefey.com\/en\/wp-json\/wp\/v2\/users\/1"}],"replies":[{"embeddable":true,"href":"https:\/\/irinalefey.com\/en\/wp-json\/wp\/v2\/comments?post=1295"}],"version-history":[{"count":19,"href":"https:\/\/irinalefey.com\/en\/wp-json\/wp\/v2\/pages\/1295\/revisions"}],"predecessor-version":[{"id":1847,"href":"https:\/\/irinalefey.com\/en\/wp-json\/wp\/v2\/pages\/1295\/revisions\/1847"}],"wp:featuredmedia":[{"embeddable":true,"href":"https:\/\/irinalefey.com\/en\/wp-json\/wp\/v2\/media\/1534"}],"wp:attachment":[{"href":"https:\/\/irinalefey.com\/en\/wp-json\/wp\/v2\/media?parent=1295"}],"curies":[{"name":"wp","href":"https:\/\/api.w.org\/{rel}","templated":true}]}}