{"id":1297,"date":"2026-03-02T11:46:28","date_gmt":"2026-03-02T11:46:28","guid":{"rendered":"https:\/\/irinalefey.com\/?page_id=1297"},"modified":"2026-03-11T06:31:44","modified_gmt":"2026-03-11T06:31:44","slug":"independent-escort-erfurt","status":"publish","type":"page","link":"https:\/\/irinalefey.com\/en\/independent-escort-erfurt\/","title":{"rendered":"Independent Escort Erfurt"},"content":{"rendered":"<section data-spectra-id=\"spectra-mfo1bb4i-vszok2\"\tstyle=\"overflow: visible; --spectra-background-color: var(--ast-global-color-2); --spectra-overlay-opacity: 0.3; --spectra-box-shadow: 0px 0px 0px 0px transparent;\" class=\"spectra-is-root-container alignfull spectra-overlay-color spectra-overflow spectra-background-color spectra-dim-ratio spectra-box-shadow wp-block-spectra-container\" data-orientation=\"vertical\"\t>\n\t\n\n<div class=\"wp-block-cover is-light\" style=\"min-height:555px;aspect-ratio:unset\"><img fetchpriority=\"high\" decoding=\"async\" width=\"1024\" height=\"608\" class=\"wp-block-cover__image-background wp-image-1527 size-large\" alt=\" escort erfurt\" src=\"https:\/\/irinalefey.com\/wp-content\/uploads\/2026\/03\/escort-erfurt-1024x608.jpg\" style=\"object-position:48% 52%\" data-object-fit=\"cover\" data-object-position=\"48% 52%\" srcset=\"https:\/\/irinalefey.com\/wp-content\/uploads\/2026\/03\/escort-erfurt-1024x608.jpg 1024w, https:\/\/irinalefey.com\/wp-content\/uploads\/2026\/03\/escort-erfurt-300x178.jpg 300w, https:\/\/irinalefey.com\/wp-content\/uploads\/2026\/03\/escort-erfurt-768x456.jpg 768w, https:\/\/irinalefey.com\/wp-content\/uploads\/2026\/03\/escort-erfurt-1536x912.jpg 1536w, https:\/\/irinalefey.com\/wp-content\/uploads\/2026\/03\/escort-erfurt.jpg 2021w\" sizes=\"(max-width: 1024px) 100vw, 1024px\" \/><span class=\"wp-block-cover__background has-background-dim-60 has-background-dim\" style=\"background-color:#8f8f8a\"><\/span><div class=\"wp-block-cover__inner-container is-layout-flow wp-block-cover-is-layout-flow\">\n<h1 class=\"wp-block-heading has-text-align-left has-ast-global-color-7-color has-text-color has-link-color wp-elements-567cc09a751618345589b35aaf4e66f4\" style=\"font-size:54px\">Independent Escort Erfurt<\/h1>\n\n\n\n<h2 class=\"wp-block-heading has-text-align-left has-ast-global-color-4-color has-text-color has-link-color has-large-font-size wp-elements-267811f8de7702d3b97fd840e1b6571a\">&#8211; Authentische Escort Dates in Erfurt der charmanten Landeshauptstadt<\/h2>\n<\/div><\/div>\n\n<\/section>\n\n\n\n<div class=\"wp-block-group has-background is-layout-constrained wp-block-group-is-layout-constrained\" style=\"background-color:#f2f0e9\">\n<div style=\"height:70px\" aria-hidden=\"true\" class=\"wp-block-spacer\"><\/div>\n\n\n\n<div class=\"wp-block-columns alignwide are-vertically-aligned-center is-layout-flex wp-container-core-columns-is-layout-28f84493 wp-block-columns-is-layout-flex\">\n<div class=\"wp-block-column is-layout-flow wp-block-column-is-layout-flow\" style=\"flex-basis:50%\">\n<h2 class=\"wp-block-heading has-text-color\" style=\"color:#000000;font-size:32px\">Alle Infos zu einem <strong><a href=\"https:\/\/irinalefey.com\/en\/services\/\" data-type=\"page\" data-id=\"251\">Escort Date<\/a> in <\/strong>Erfurt<\/h2>\n<\/div>\n\n\n\n<div class=\"wp-block-column is-layout-flow wp-block-column-is-layout-flow\" style=\"flex-basis:50%\">\n<hr class=\"wp-block-separator has-text-color has-css-opacity has-background is-style-wide\" style=\"background-color:#000000;color:#000000\"\/>\n<\/div>\n<\/div>\n\n\n\n<div class=\"wp-block-columns alignwide is-layout-flex wp-container-core-columns-is-layout-28f84493 wp-block-columns-is-layout-flex\">\n<div class=\"wp-block-column is-layout-flow wp-block-column-is-layout-flow\">\n<p><a href=\"https:\/\/de.wikipedia.org\/wiki\/Erfurt\" data-type=\"link\" data-id=\"https:\/\/de.wikipedia.org\/wiki\/Erfurt\" target=\"_blank\" rel=\"noopener\">Erfurt<\/a>, die charmante Landeshauptstadt Th\u00fcringens, begeistert mich mit ihrer mittelalterlichen Altstadt, der ber\u00fchmten Kr\u00e4merbr\u00fccke und dem einzigartigen Flair einer Stadt, die Geschichte und Moderne perfekt vereint, ohne dabei ihre Seele zu verlieren. Als Independent Escort Erfurt sch\u00e4tze ich die gem\u00fctliche, fast famili\u00e4re Atmosph\u00e4re dieser Stadt und ihre versteckten kulturellen Sch\u00e4tze.<\/p>\n\n\n\n<p>Was Erfurt besonders macht? Die Stadt ist echt, ohne Fassade. Hier gibt es keine Hektik, keinen Gro\u00dfstadtstress, sondern nur authentisches Leben, freundliche Menschen und eine Atmosph\u00e4re, in der man aufatmen kann. Als Independent Escort in Erfurt bringe ich genau diese Qualit\u00e4t mit: Nat\u00fcrlichkeit statt Perfektion, Echtheit statt Rolle, entspannte Unkompliziertheit statt steifer Etikette.<\/p>\n\n\n\n<h2 class=\"wp-block-heading has-medium-font-size\">Erfurt entdecken \u2013 Meine Empfehlungen als Escort Erfurt<\/h2>\n\n\n\n<p>Letzten Herbst bin ich mit einem Kunden \u00fcber die Kr\u00e4merbr\u00fccke geschlendert, haben in den kleinen Kunsthandwerksl\u00e4den gest\u00f6bert und am Ende in einem winzigen Caf\u00e9 Kaffee getrunken. Es war kein geplantes Programm und wir haben uns einfach treiben lassen. Genau das ist Erfurt: eine Stadt, die man nicht abarbeiten muss, sondern in der man einfach sein kann. Und genau das bin auch ich als Escort Erfurt. Ich bin unkompliziert, pr\u00e4sent, authentisch.<\/p>\n<\/div>\n\n\n\n<div class=\"wp-block-column is-layout-flow wp-block-column-is-layout-flow\">\n<h3 class=\"wp-block-heading has-medium-font-size\">Kulinarische und kulturelle Erlebnisse in Erfurt<\/h3>\n\n\n\n<p>Erfurt bietet eine vielseitige Gastronomie, die von traditioneller th\u00fcringischer K\u00fcche bis zu internationalen Einfl\u00fcssen reicht. Das Restaurant Clara im Kaisersaal serviert gehobene K\u00fcche in historischem Ambiente mit Blick auf den Domplatz, also perfekt f\u00fcr ein besonderes Dinner-Date mit romantischer Aussicht. Das F\u00fcchsen Restaurant bietet moderne th\u00fcringische K\u00fcche mit regionalen Produkten in gem\u00fctlicher Atmosph\u00e4re.<\/p>\n\n\n\n<p>F\u00fcr ein romantisches Abendessen empfehle ich auch das Zunfthaus zu Erfurt, das historisches Flair mit ausgezeichneter K\u00fcche verbindet. Als Escort f\u00fcr Erfurt suche ich gerne die versteckten kulinarischen Perlen der Stadt und begleite dich gerne zu au\u00dfergew\u00f6hnlichen Gastronomie-Erlebnissen. Dabei bin ich nicht festgelegt und mag sowohl rustikal-gem\u00fctlich bis elegant-gehoben.<\/p>\n\n\n\n<p>Kultur und Geschichte in Erfurt. Erlebe gemeinsam mit mir als Independent Escort Dame Erfurt eine Girlfriend Experience der besonderen Art.&nbsp;<\/p>\n\n\n\n<p>Der Erfurter Dom ist ein architektonisches Meisterwerk und Zeugnis mittelalterlicher Baukunst. Die imposante Kulisse mit Dom und Severikirche, die \u00fcber der Altstadt thronen, ist einfach atemberaubend. Besonders bei Sonnenuntergang, wenn die Geb\u00e4ude in goldenes Licht getaucht sind. Die Domstufenfestspiele im Sommer bieten ein einzigartiges Kulturerlebnis unter freiem Himmel auf den monumentalen Domstufen.<\/p>\n\n\n\n<p style=\"font-size:20px\">Die Alte Synagoge, eine der \u00e4ltesten erhaltenen Synagogen Mitteleuropas, beherbergt den ber\u00fchmten Erfurter Schatz &#8211; eine Sammlung mittelalterlicher j\u00fcdischer Kunst und Kultur. Das Theater Erfurt und die Oper bieten ein abwechslungsreiches Kulturprogramm von klassisch bis modern. Als kulturinteressierte Escort in Erfurt begleite ich dich gerne zu Auff\u00fchrungen, Ausstellungen und kulturellen Veranstaltungen.<\/p>\n<\/div>\n\n\n\n<div class=\"wp-block-column is-layout-flow wp-block-column-is-layout-flow\">\n<h2 class=\"wp-block-heading has-text-color\" style=\"color:#000000;font-size:25px\">Romantische Spazierg\u00e4nge durch Erfurt mit mir als Escort an deiner Seite&nbsp;<\/h2>\n\n\n\n<p>Ein Spaziergang durch die mittelalterliche Altstadt, \u00fcber die Kr\u00e4merbr\u00fccke mit ihren kleinen Gesch\u00e4ften, Ateliers und Kunsthandwerksl\u00e4den, schafft eine besonders romantische und entspannte Atmosph\u00e4re. Hier kann man sich Zeit nehmen, die Details entdecken, in Ruhe bummeln, fernab von Hektik und Stress.<\/p>\n\n\n\n<h3 class=\"wp-block-heading has-text-color\" style=\"color:#000000;font-size:21px\">Diskrete Hotel-Empfehlungen f\u00fcr Escort Dates in Erfurt<\/h3>\n\n\n\n<p>F\u00fcr diskrete Treffen empfehle ich das Hotel Zumnorde am Anger mit traditionellem Charme mitten in der Stadt, oder das Dorint Hotel am Dom mit direktem Blick auf den imposanten Domplatz. Diese Hotels bieten nicht nur Komfort und guten Service, sondern auch die Privatsph\u00e4re und Diskretion, die Du als Gast eines Independent Escorts in Erfurt erwarten und sch\u00e4tzen wirst.<\/p>\n\n\n\n<h3 class=\"wp-block-heading\">Warum ich Erfurt f\u00fcr Escort Dates so mag<\/h3>\n\n\n\n<p>Erfurt hat etwas, das gr\u00f6\u00dfere St\u00e4dte oft verloren haben: Echtheit. Hier muss man sich nicht verstellen, hier kann man einfach sein. Die Stadt ist \u00fcberschaubar, gem\u00fctlich, freundlich. Genau diese Qualit\u00e4ten sch\u00e4tze ich auch in menschlichen Begegnungen. Als Escort Erfurt bin ich keine Frau, die eine perfekte Fassade aufrechterh\u00e4lt. Ich bin echt, mit Ecken und Kanten, mit Humor und Tiefgang, mit Nat\u00fcrlichkeit und Warmherzigkeit.<\/p>\n\n\n\n<p class=\"has-text-color has-extra-small-font-size\" style=\"color:#000000\">Erfurt passt zu Menschen, die das Authentische dem Glamour\u00f6sen vorziehen, die lieber ein ehrliches Gespr\u00e4ch als oberfl\u00e4chliches Gepl\u00e4nkel f\u00fchren, die Qualit\u00e4t statt Quantit\u00e4t sch\u00e4tzen.<\/p>\n<\/div>\n<\/div>\n\n\n\n<div style=\"height:40px\" aria-hidden=\"true\" class=\"wp-block-spacer\"><\/div>\n<\/div>\n\n\n\n<h2 class=\"wp-block-heading has-text-align-center has-ast-global-color-6-color has-ast-global-color-3-background-color has-text-color has-background has-link-color has-large-font-size wp-elements-b1ea31b8161b3bd143536eb2b7f17d45\"><strong>Mein Service als Independent Escort f\u00fcr Erfurt&nbsp;<\/strong><\/h2>\n\n\n\n<div class=\"wp-block-group is-layout-constrained wp-block-group-is-layout-constrained\">\n<div class=\"wp-block-columns is-layout-flex wp-container-core-columns-is-layout-28f84493 wp-block-columns-is-layout-flex\">\n<div class=\"wp-block-column is-layout-flow wp-block-column-is-layout-flow\">\n<h3 class=\"wp-block-heading\"><strong>Independent Escort Dates in Erfurt:<\/strong><\/h3>\n\n\n\n<p>Ich besuche dich gerne in einem Hotel in Erfurt und bringe gute Laune, Nat\u00fcrlichkeit und angenehme Gesellschaft mit. Meine unkomplizierte Art sorgt daf\u00fcr, dass du dich sofort wohlf\u00fchlen wirst.<\/p>\n\n\n\n<h4 class=\"wp-block-heading\">Escort <strong>Dinner-Dates:<\/strong><\/h4>\n\n\n\n<p>Als Independent Escort Erfurt begleite ich dich zu gesch\u00e4ftlichen Essen, romantischen Dinner-Dates oder gesellschaftlichen Veranstaltungen. Erlebe mich stets charmant, gebildet und unkompliziert. Ich passe mich jeder Situation an, ohne dabei meine Authentizit\u00e4t zu verlieren.<\/p>\n\n\n\n<h4 class=\"wp-block-heading\"><strong>Kulturelle Begleitung:<\/strong><\/h4>\n\n\n\n<p>Gerne begleite ich dich zu Auff\u00fchrungen im Theater Erfurt, zu den Domstufenfestspielen, zu Ausstellungen oder Vernissagen. Kultur macht mehr Spa\u00df zu zweit, und ich bin eine Begleiterin, mit der man sich ganz ungezwungen unterhalten kann.<\/p>\n\n\n\n<h4 class=\"wp-block-heading\"><strong>Entspannte Stadtf\u00fchrungen:<\/strong><\/h4>\n\n\n\n<p>Lass uns zusammen Erfurt erkunden. Von der Kr\u00e4merbr\u00fccke bis zur Zitadelle Petersberg, von bekannten Sehensw\u00fcrdigkeiten bis zu Orten, die nur Einheimische kennen. Keine steife Touristenf\u00fchrung, sondern ein entspannter Spaziergang mit guten Gespr\u00e4chen.<\/p>\n\n\n\n<h4 class=\"wp-block-heading\"><strong>Overnight-Dates und Wochenenden:<\/strong><\/h4>\n\n\n\n<p>Ich stehe auch f\u00fcr \u00dcbernachtungen oder Wochenend-Begleitungen in Erfurt zur Verf\u00fcgung. Diese ausgedehnten Escort Dates sind oft die sch\u00f6nsten, weil man Zeit hat, sich wirklich kennenzulernen und eine echte Verbindung aufzubauen.<\/p>\n\n\n\n<p style=\"font-size:18px\">F\u00fcr l\u00e4ngere Treffen in Erfurt bitte ich um rechtzeitige Planung (2-3 Tage Vorlauf), damit ich den Aufenthalt optimal koordinieren und ein perfekt vorbereitetes Date bieten kann.<\/p>\n\n\n\n<h2 class=\"wp-block-heading\">&nbsp;<\/h2>\n<\/div>\n\n\n\n<div class=\"wp-block-column is-layout-flow wp-block-column-is-layout-flow\">\n<h3 class=\"wp-block-heading\" style=\"font-size:29px\">H\u00e4ufig gestellte Fragen zu mir als Independent Escort in Erfurt<\/h3>\n\n\n\n<h4 class=\"wp-block-heading\">Ist Erfurt nicht zu klein f\u00fcr Escort-Dates?<\/h4>\n\n\n\n<p>Ganz im Gegenteil! Gerade die \u00dcberschaubarkeit macht Erfurt so charmant. Man muss keine langen Wege zur\u00fccklegen, alles ist nah beieinander, und die entspannte Atmosph\u00e4re l\u00e4dt dazu ein, die Zeit zu genie\u00dfen statt sie zu hetzen. Erfurt ist perfekt f\u00fcr Menschen, die Qualit\u00e4t statt Quantit\u00e4t sch\u00e4tzen und genau diese Philosophie vertrete auch ich.<\/p>\n\n\n\n<h4 class=\"wp-block-heading\">Was macht Erfurt als Stadt besonders?<\/h4>\n\n\n\n<p>Erfurt hat seinen Charakter bewahrt. Es ist keine anonyme Gro\u00dfstadt, aber auch keine verschlafene Kleinstadt. Erfurt ist genau dazwischen. Die mittelalterliche Altstadt ist wundersch\u00f6n erhalten, die Kr\u00e4merbr\u00fccke ist einzigartig in Deutschland, und der Domplatz geh\u00f6rt zu den sch\u00f6nsten Pl\u00e4tzen. Erfurt ist eine Stadt, in der man aufatmen kann und genau das brauchen viele meiner Kunden.<\/p>\n\n\n\n<p>Ich freue mich darauf, Erfurt gemeinsam mit dir zu entdecken! Kontaktiere mich \u00fcber meine Kontaktseite mit deinen W\u00fcnschen f\u00fcr unser Escort Date. Bitte teile mir Datum, deine bevorzugte Uhrzeit, die gew\u00fcnschte Dauer und deine Vorstellungen mit.<\/p>\n\n\n\n<p>Als Escort in Erfurt schaffe ich einen Raum voller W\u00e4rme, Authentizit\u00e4t und echter Verbindung. Keine Fassade, keine Rolle. Nur echte Begegnung zwischen zwei Menschen. Lass uns gemeinsam die Sch\u00f6nheit dieser historischen Stadt erleben und Momente kreieren, die nachwirken. Independent Escort Erfurt- nat\u00fcrlich, unkompliziert, echt.<\/p>\n<\/div>\n<\/div>\n<\/div>\n\n\n<div class=\"root-eb-form-pnjg9 wp-block-essential-blocks-form\">\n    <div class=\"eb-parent-wrapper eb-parent-eb-form-pnjg9\">\n        <div id=\"eb-form-pnjg9\" class=\"eb-form-pnjg9 eb-form-wrapper\">\n            <form id=\"ebf-4d329a\"\n                class=\"eb-form form-layout-block form-style-classic\" action=\"\" data-trp-original-action=\"\">\n                <div class=\"eb-form-fields\">\n                                        \n\n<div class=\"wp-block-essential-blocks-row alignfull  root-eb-row-yr0n7\"><div class=\"eb-parent-wrapper eb-parent-eb-row-yr0n7\"><div class=\"eb-row-root-container eb-row-yr0n7\" data-id=\"eb-row-yr0n7\"><div class=\"eb-row-wrapper\"><div class=\"eb-row-inner\">\n<div class=\"wp-block-essential-blocks-column  root-eb-column-f0sz4\"><div class=\"eb-parent-wrapper eb-parent-eb-column-f0sz4\"><div class=\"eb-column-wrapper eb-column-f0sz4\"><div class=\"eb-column-inner\">\n<div class=\"wp-block-essential-blocks-form-text-field eb-form-field root-eb-text-field-dirgj\"><div class=\"eb-parent-wrapper eb-parent-eb-text-field-dirgj\"><div class=\"eb-text-field-dirgj eb-text-field-wrapper eb-field-wrapper\"><label for=\"first-name\">First Name <span class=\"eb-required\">*<\/span><\/label><div class=\"eb-field-input-wrap\"><i icon=\"fas fa-user\" class=\"fas fa-user eb-input-icon\"><\/i><input type=\"text\" id=\"first-name\" name=\"first-name\" class=\"eb-field-input\" placeholder=\"Enter your first name here...\" \/><\/div><div class=\"eb-form-validation eb-validate-first-name\">This field is required.<\/div><\/div><\/div><\/div>\n<\/div><\/div><\/div><\/div>\n<\/div><\/div><\/div><\/div><\/div>\n\n\n\n<div class=\"wp-block-essential-blocks-form-text-field eb-form-field root-eb-text-field-js291\"><div class=\"eb-parent-wrapper eb-parent-eb-text-field-js291\"><div class=\"eb-text-field-js291 eb-text-field-wrapper eb-field-wrapper\"><label for=\"subject\">Subject <span class=\"eb-required\">*<\/span><\/label><div class=\"eb-field-input-wrap\"><i icon=\"fas fa-user\" class=\"fas fa-user eb-input-icon\"><\/i><input type=\"text\" id=\"subject\" name=\"subject\" class=\"eb-field-input\" placeholder=\"Enter your subject here...\" \/><\/div><div class=\"eb-form-validation eb-validate-subject\">This field is required.<\/div><\/div><\/div><\/div>\n\n\n\n<div class=\"wp-block-essential-blocks-form-email-field eb-form-field root-eb-email-field-stfc6\"><div class=\"eb-parent-wrapper eb-parent-eb-email-field-stfc6\"><div class=\"eb-email-field-stfc6 eb-email-field-wrapper eb-field-wrapper\"><label for=\"email\">email <span class=\"eb-required\">*<\/span><\/label><div class=\"eb-field-input-wrap\"><i icon=\"far fa-envelope\" class=\"far fa-envelope eb-input-icon\"><\/i><input type=\"email\" id=\"email\" name=\"email\" class=\"eb-field-input\" placeholder=\"Enter your email here...\" \/><\/div><div class=\"eb-form-validation eb-validate-email\">This field is required.<\/div><\/div><\/div><\/div>\n\n\n\n<div class=\"wp-block-essential-blocks-form-textarea-field eb-form-field root-eb-textarea-field-7bo6l\"><div class=\"eb-parent-wrapper eb-parent-eb-textarea-field-7bo6l\"><div class=\"eb-textarea-field-7bo6l eb-textarea-field-wrapper eb-field-wrapper\"><label for=\"message\">Message <\/label><div class=\"eb-field-input-wrap\"><i icon=\"far fa-edit\" class=\"far fa-edit eb-input-icon\"><\/i><textarea rows=\"4\" id=\"message\" class=\"eb-field-input\" name=\"message\" placeholder=\"Enter your message here...\"><\/textarea><\/div><\/div><\/div><\/div>\n\n                <\/div>\n                <input class=\"form-nonce\" type=\"hidden\" name=\"form-nonce\" value=\"7f5c9ed0c9\" \/>\n                <div class=\"eb-form-submit\">\n                                        <button type=\"submit\" class=\"btn btn-primary eb-form-submit-button\" data-id=\"eb-form-pnjg9\" data-form-id=\"ebf-4d329a\">\n                Submit\n                <img decoding=\"async\" class=\"eb-form-submit-loader\" src=\"https:\/\/irinalefey.com\/wp-content\/plugins\/essential-blocks\/assets\/images\/loading.svg\" \/>\n            <\/button>                <\/div>\n            <input type=\"hidden\" name=\"trp-form-language\" value=\"en\"\/><\/form>\n            <div class=\"eb_form_submit_response\" data-confirmation-type=\"message\" data-success=\"Your form has been submitted Successfully!\" data-error=\"Your form couldn&#039;t been submitted! Please try again\"><\/div>        <\/div>\n    <\/div>\n<\/div>","protected":false},"excerpt":{"rendered":"<p>Alle Infos zu einem Escort Date in Erfurt Erfurt, die charmante Landeshauptstadt Th\u00fcringens, begeistert mich mit ihrer mittelalterlichen Altstadt, der ber\u00fchmten Kr\u00e4merbr\u00fccke und dem einzigartigen Flair einer Stadt, die Geschichte und Moderne perfekt vereint, ohne dabei ihre Seele zu verlieren. Als Independent Escort Erfurt sch\u00e4tze ich die gem\u00fctliche, fast famili\u00e4re Atmosph\u00e4re dieser Stadt und ihre [&hellip;]<\/p>\n","protected":false},"author":1,"featured_media":1527,"parent":0,"menu_order":0,"comment_status":"closed","ping_status":"closed","template":"","meta":{"_eb_attr":"","_uag_custom_page_level_css":"","site-sidebar-layout":"default","site-content-layout":"","ast-site-content-layout":"default","site-content-style":"default","site-sidebar-style":"default","ast-global-header-display":"","ast-banner-title-visibility":"","ast-main-header-display":"","ast-hfb-above-header-display":"","ast-hfb-below-header-display":"","ast-hfb-mobile-header-display":"","site-post-title":"disabled","ast-breadcrumbs-content":"","ast-featured-img":"","footer-sml-layout":"","ast-disable-related-posts":"","theme-transparent-header-meta":"","adv-header-id-meta":"","stick-header-meta":"","header-above-stick-meta":"","header-main-stick-meta":"","header-below-stick-meta":"","astra-migrate-meta-layouts":"set","ast-page-background-enabled":"default","ast-page-background-meta":{"desktop":{"background-color":"var(--ast-global-color-4)","background-image":"","background-repeat":"repeat","background-position":"center center","background-size":"auto","background-attachment":"scroll","background-type":"","background-media":"","overlay-type":"","overlay-color":"","overlay-opacity":"","overlay-gradient":""},"tablet":{"background-color":"","background-image":"","background-repeat":"repeat","background-position":"center center","background-size":"auto","background-attachment":"scroll","background-type":"","background-media":"","overlay-type":"","overlay-color":"","overlay-opacity":"","overlay-gradient":""},"mobile":{"background-color":"","background-image":"","background-repeat":"repeat","background-position":"center center","background-size":"auto","background-attachment":"scroll","background-type":"","background-media":"","overlay-type":"","overlay-color":"","overlay-opacity":"","overlay-gradient":""}},"ast-content-background-meta":{"desktop":{"background-color":"var(--ast-global-color-5)","background-image":"","background-repeat":"repeat","background-position":"center center","background-size":"auto","background-attachment":"scroll","background-type":"","background-media":"","overlay-type":"","overlay-color":"","overlay-opacity":"","overlay-gradient":""},"tablet":{"background-color":"var(--ast-global-color-5)","background-image":"","background-repeat":"repeat","background-position":"center center","background-size":"auto","background-attachment":"scroll","background-type":"","background-media":"","overlay-type":"","overlay-color":"","overlay-opacity":"","overlay-gradient":""},"mobile":{"background-color":"var(--ast-global-color-5)","background-image":"","background-repeat":"repeat","background-position":"center center","background-size":"auto","background-attachment":"scroll","background-type":"","background-media":"","overlay-type":"","overlay-color":"","overlay-opacity":"","overlay-gradient":""}},"footnotes":""},"class_list":["post-1297","page","type-page","status-publish","has-post-thumbnail","hentry"],"_hostinger_reach_plugin_has_subscription_block":false,"_hostinger_reach_plugin_is_elementor":false,"uagb_featured_image_src":{"full":["https:\/\/irinalefey.com\/wp-content\/uploads\/2026\/03\/escort-erfurt.jpg",2021,1200,false],"thumbnail":["https:\/\/irinalefey.com\/wp-content\/uploads\/2026\/03\/escort-erfurt-150x150.jpg",150,150,true],"medium":["https:\/\/irinalefey.com\/wp-content\/uploads\/2026\/03\/escort-erfurt-300x178.jpg",300,178,true],"medium_large":["https:\/\/irinalefey.com\/wp-content\/uploads\/2026\/03\/escort-erfurt-768x456.jpg",768,456,true],"large":["https:\/\/irinalefey.com\/wp-content\/uploads\/2026\/03\/escort-erfurt-1024x608.jpg",1024,608,true],"1536x1536":["https:\/\/irinalefey.com\/wp-content\/uploads\/2026\/03\/escort-erfurt-1536x912.jpg",1536,912,true],"2048x2048":["https:\/\/irinalefey.com\/wp-content\/uploads\/2026\/03\/escort-erfurt.jpg",2021,1200,false],"trp-custom-language-flag":["https:\/\/irinalefey.com\/wp-content\/uploads\/2026\/03\/escort-erfurt.jpg",18,12,false]},"uagb_author_info":{"display_name":"Irina","author_link":"https:\/\/irinalefey.com\/en\/author\/irina-le-feyweb-de\/"},"uagb_comment_info":0,"uagb_excerpt":"Alle Infos zu einem Escort Date in Erfurt Erfurt, die charmante Landeshauptstadt Th\u00fcringens, begeistert mich mit ihrer mittelalterlichen Altstadt, der ber\u00fchmten Kr\u00e4merbr\u00fccke und dem einzigartigen Flair einer Stadt, die Geschichte und Moderne perfekt vereint, ohne dabei ihre Seele zu verlieren. Als Independent Escort Erfurt sch\u00e4tze ich die gem\u00fctliche, fast famili\u00e4re Atmosph\u00e4re dieser Stadt und ihre&hellip;","_links":{"self":[{"href":"https:\/\/irinalefey.com\/en\/wp-json\/wp\/v2\/pages\/1297","targetHints":{"allow":["GET"]}}],"collection":[{"href":"https:\/\/irinalefey.com\/en\/wp-json\/wp\/v2\/pages"}],"about":[{"href":"https:\/\/irinalefey.com\/en\/wp-json\/wp\/v2\/types\/page"}],"author":[{"embeddable":true,"href":"https:\/\/irinalefey.com\/en\/wp-json\/wp\/v2\/users\/1"}],"replies":[{"embeddable":true,"href":"https:\/\/irinalefey.com\/en\/wp-json\/wp\/v2\/comments?post=1297"}],"version-history":[{"count":13,"href":"https:\/\/irinalefey.com\/en\/wp-json\/wp\/v2\/pages\/1297\/revisions"}],"predecessor-version":[{"id":1874,"href":"https:\/\/irinalefey.com\/en\/wp-json\/wp\/v2\/pages\/1297\/revisions\/1874"}],"wp:featuredmedia":[{"embeddable":true,"href":"https:\/\/irinalefey.com\/en\/wp-json\/wp\/v2\/media\/1527"}],"wp:attachment":[{"href":"https:\/\/irinalefey.com\/en\/wp-json\/wp\/v2\/media?parent=1297"}],"curies":[{"name":"wp","href":"https:\/\/api.w.org\/{rel}","templated":true}]}}