{"id":250,"date":"2026-03-01T10:52:33","date_gmt":"2026-03-01T10:52:33","guid":{"rendered":"https:\/\/irinalefey.com\/about\/"},"modified":"2026-03-13T19:46:09","modified_gmt":"2026-03-13T19:46:09","slug":"ueber-mich","status":"publish","type":"page","link":"https:\/\/irinalefey.com\/en\/ueber-mich\/","title":{"rendered":"About Irina le Fey"},"content":{"rendered":"<div style=\"height:100px\" aria-hidden=\"true\" class=\"wp-block-spacer\"><\/div>\n\n\n\n<div class=\"wp-block-media-text alignwide is-stacked-on-mobile is-vertically-aligned-center is-image-fill-element has-ast-global-color-3-color has-ast-global-color-4-background-color has-text-color has-background has-link-color wp-elements-1b506530ebcf32b91dc160420f5316e9\" style=\"border-style:none;border-width:0px;border-top-left-radius:1px;border-top-right-radius:1px;border-bottom-left-radius:1px;border-bottom-right-radius:1px;grid-template-columns:52% auto\"><figure class=\"wp-block-media-text__media\"><img fetchpriority=\"high\" decoding=\"async\" width=\"900\" height=\"600\" src=\"https:\/\/irinalefey.com\/wp-content\/uploads\/2026\/03\/K800_Irina-le-Fey-8.jpg\" alt=\"independent escort Frankfurt\" class=\"wp-image-1215 size-full\" style=\"object-position:50% 50%\" srcset=\"https:\/\/irinalefey.com\/wp-content\/uploads\/2026\/03\/K800_Irina-le-Fey-8.jpg 900w, https:\/\/irinalefey.com\/wp-content\/uploads\/2026\/03\/K800_Irina-le-Fey-8-300x200.jpg 300w, https:\/\/irinalefey.com\/wp-content\/uploads\/2026\/03\/K800_Irina-le-Fey-8-768x512.jpg 768w\" sizes=\"(max-width: 900px) 100vw, 900px\" \/><\/figure><div class=\"wp-block-media-text__content\">\n<h2 class=\"wp-block-heading has-ast-global-color-0-color has-text-color has-link-color wp-elements-b21c6e50d833e57998dba5d9151cc1c0\">Who is Irina le Fey<\/h2>\n\n\n\n<p style=\"font-size:17px\">I originally trained as a goldsmith and then studied sociology and gender studies. Both paths shaped my sense of aesthetics, people, and social contexts. I started working as an escort while I was still a student, and since then, this work has remained an integral and meaningful part of my life. I have also since established the escort agency Plescort.<\/p>\n\n\n\n<h2 class=\"wp-block-heading has-ast-global-color-0-color has-text-color has-link-color wp-elements-310fd88e5afc5fbdc406a222d290deba\"><strong>What drives me:<\/strong>:<\/h2>\n\n\n\n<p style=\"font-size:17px\">Mein Fokus liegt darauf, h\u00f6chste Qualit\u00e4t in zwischenmenschlicher Intimit\u00e4t und Verbindung zu bieten. F\u00fcr mich bedeutet Escort-Sein, einen sicheren Rahmen zu schaffen, in dem Menschen sich selbst neu erleben d\u00fcrfen. In Gespr\u00e4chen ebenso wie in intimen Begegnungen. Was gibt es Sch\u00f6neres, als zu erleben, wie sich jemand \u00f6ffnet, seine \u00c4ngste fallen l\u00e4sst und Teile seiner Seele teilt? Durch meine Arbeit habe ich nicht nur viele wunderbare Erfahrungen gesammelt, sondern auch mehr Raum gewonnen, mich auszudr\u00fccken und ein selbstbestimmtes, freies Leben zu f\u00fchren.<\/p>\n<\/div><\/div>\n\n\n\n<div class=\"wp-block-media-text has-media-on-the-right is-stacked-on-mobile is-vertically-aligned-center is-image-fill-element has-ast-global-color-3-color has-ast-global-color-4-background-color has-text-color has-background has-link-color wp-elements-0a0e1a9bdf13de6c5960f90be218a343\" style=\"border-style:none;border-width:0px;border-top-left-radius:1px;border-top-right-radius:1px;border-bottom-left-radius:1px;border-bottom-right-radius:1px;grid-template-columns:auto 38%\"><div class=\"wp-block-media-text__content\">\n<h2 class=\"wp-block-heading has-ast-global-color-0-color has-text-color has-link-color wp-elements-355cc57532926f0bdaad9910372d847d\"><strong><strong>Interests &amp; Passions<\/strong><\/strong><\/h2>\n\n\n\n<p>Ich liebe Luxushotels, Opern, Kunstausstellungen, Sternerestaurants und kulturelle Veranstaltungen und ich genie\u00dfe es sehr, diese sch\u00f6nen Seiten des Lebens gemeinsam mit meinen Datepartnern zu erleben. Da ich mich leidenschaftlich gerne weiterbilde, kann ich mich nicht nur mit Leichtigkeit in gehobenem Ambiente bewegen, sondern auch tiefgr\u00fcndige, themenreiche Gespr\u00e4che f\u00fchren.<\/p>\n\n\n\n<p style=\"font-size:17px\">Gleichzeitig bin ich sehr naturverbunden: Ich lebe derzeit in der N\u00e4he von Leipzig, wandere ausgiebig mit meinen drei Hunden und liebe besonders die Energie von W\u00e4ldern und Bergen. Seit Kurzem habe ich meinen Jagdschein gemacht, was mir noch mehr Zeit in der Natur schenkt. Au\u00dferdem habe ich einen Faible f\u00fcr gesundes Essen und Wellness, insbesondere Sauna und hei\u00dfe B\u00e4der, um K\u00f6rper und Geist zu regenerieren und dabei gute B\u00fccher zu lesen.<\/p>\n\n\n\n<h2 class=\"wp-block-heading has-ast-global-color-0-color has-text-color has-link-color wp-elements-f719d33a8f4409da39f9ae17b27df9cc\"><strong><strong>Who am I<\/strong><\/strong><\/h2>\n\n\n\n<p style=\"font-size:17px\">Trotz allem bin ich bodenst\u00e4ndig geblieben. Ich pflege ein enges Verh\u00e4ltnis zu meiner Familie und meinen Freunden, nehme mich selbst und das Leben nicht zu ernst und ich liebe Menschen, die mich zum Lachen bringen, genauso sehr wie ich es liebe, andere zum Lachen zu bringen.<\/p>\n<\/div><figure class=\"wp-block-media-text__media\"><img decoding=\"async\" width=\"600\" height=\"900\" src=\"https:\/\/irinalefey.com\/wp-content\/uploads\/2026\/03\/K800_Irina-le-Fey-9.jpg\" alt=\"k800 irina le fey (9)\" class=\"wp-image-1216 size-full\" style=\"object-position:53% 17%\" srcset=\"https:\/\/irinalefey.com\/wp-content\/uploads\/2026\/03\/K800_Irina-le-Fey-9.jpg 600w, https:\/\/irinalefey.com\/wp-content\/uploads\/2026\/03\/K800_Irina-le-Fey-9-200x300.jpg 200w\" sizes=\"(max-width: 600px) 100vw, 600px\" \/><\/figure><\/div>\n\n\n\n<div style=\"height:100px\" aria-hidden=\"true\" class=\"wp-block-spacer\"><\/div>\n\n\n<div data-spectra-id=\"spectra-mfo1bb4i-vszok2\"\tstyle=\"overflow: visible; --spectra-background-color: var(--ast-global-color-0);\" class=\"spectra-is-root-container spectra-overlay-color spectra-overflow spectra-background-color wp-block-spectra-container\" data-orientation=\"vertical\"\t>\n\t\n<div data-spectra-id=\"spectra-mfo1bvde-kkqtvx\" style=\"overflow: visible\" class=\"spectra-overlay-color spectra-overflow wp-block-spectra-container\" data-orientation=\"horizontal\">\n\t\n<div data-spectra-id=\"spectra-mfo4oeqd-18e3ut\" style=\"overflow: visible\" class=\"spectra-overlay-color spectra-overflow wp-block-spectra-container\" data-orientation=\"vertical\">\n\t\n\n<figure data-spectra-id=\"spectra-mg0g68xw-3tatlk\" class=\"wp-block-image size-full\" style=\"margin-top:0;margin-bottom:0\"><img decoding=\"async\" width=\"600\" height=\"900\" src=\"https:\/\/irinalefey.com\/wp-content\/uploads\/2026\/03\/K800_Irina-le-Fey-4.jpg\" alt=\"k800 irina le fey (4)\" class=\"wp-image-1211\" srcset=\"https:\/\/irinalefey.com\/wp-content\/uploads\/2026\/03\/K800_Irina-le-Fey-4.jpg 600w, https:\/\/irinalefey.com\/wp-content\/uploads\/2026\/03\/K800_Irina-le-Fey-4-200x300.jpg 200w\" sizes=\"(max-width: 600px) 100vw, 600px\" \/><\/figure>\n\n<\/div>\n\n\n\n<figure data-spectra-id=\"spectra-mm80fspu-tb35er\" class=\"wp-block-image size-large\"><img loading=\"lazy\" decoding=\"async\" width=\"683\" height=\"1024\" src=\"https:\/\/irinalefey.com\/wp-content\/uploads\/2026\/03\/Independent-Escort-Irina-le-Fey-3-683x1024.jpg\" alt=\"\" class=\"wp-image-1761\" srcset=\"https:\/\/irinalefey.com\/wp-content\/uploads\/2026\/03\/Independent-Escort-Irina-le-Fey-3-683x1024.jpg 683w, https:\/\/irinalefey.com\/wp-content\/uploads\/2026\/03\/Independent-Escort-Irina-le-Fey-3-200x300.jpg 200w, https:\/\/irinalefey.com\/wp-content\/uploads\/2026\/03\/Independent-Escort-Irina-le-Fey-3-768x1152.jpg 768w, https:\/\/irinalefey.com\/wp-content\/uploads\/2026\/03\/Independent-Escort-Irina-le-Fey-3-1024x1536.jpg 1024w, https:\/\/irinalefey.com\/wp-content\/uploads\/2026\/03\/Independent-Escort-Irina-le-Fey-3-8x12.jpg 8w, https:\/\/irinalefey.com\/wp-content\/uploads\/2026\/03\/Independent-Escort-Irina-le-Fey-3.jpg 1200w\" sizes=\"(max-width: 683px) 100vw, 683px\" \/><\/figure>\n\n<\/div>\n\n<\/div>\n\n\n\n<p><\/p>","protected":false},"excerpt":{"rendered":"<p>Wer ist Irina le Fey? Ich habe urspr\u00fcnglich eine Ausbildung zur Goldschmiedin gemacht und anschlie\u00dfend Soziologie und Gender Studies studiert. Beides Wege, die mein Gesp\u00fcr f\u00fcr \u00c4sthetik, Menschen und gesellschaftliche Zusammenh\u00e4nge gepr\u00e4gt haben. Bereits w\u00e4hrend des Studiums begann ich als Escort zu arbeiten, und seitdem ist diese T\u00e4tigkeit ein fester und bedeutungsvoller Teil meines Lebens [&hellip;]<\/p>\n","protected":false},"author":1,"featured_media":0,"parent":0,"menu_order":0,"comment_status":"closed","ping_status":"closed","template":"elementor_theme","meta":{"_eb_attr":"","_uag_custom_page_level_css":"","site-sidebar-layout":"no-sidebar","site-content-layout":"plain-container","ast-site-content-layout":"normal-width-container","site-content-style":"unboxed","site-sidebar-style":"unboxed","ast-global-header-display":"","ast-banner-title-visibility":"","ast-main-header-display":"","ast-hfb-above-header-display":"","ast-hfb-below-header-display":"","ast-hfb-mobile-header-display":"","site-post-title":"disabled","ast-breadcrumbs-content":"","ast-featured-img":"","footer-sml-layout":"","ast-disable-related-posts":"","theme-transparent-header-meta":"enabled","adv-header-id-meta":"","stick-header-meta":"","header-above-stick-meta":"","header-main-stick-meta":"","header-below-stick-meta":"","astra-migrate-meta-layouts":"set","ast-page-background-enabled":"default","ast-page-background-meta":{"desktop":{"background-color":"var(--ast-global-color-4)","background-image":"","background-repeat":"repeat","background-position":"center center","background-size":"auto","background-attachment":"scroll","background-type":"","background-media":"","overlay-type":"","overlay-color":"","overlay-opacity":"","overlay-gradient":""},"tablet":{"background-color":"","background-image":"","background-repeat":"repeat","background-position":"center center","background-size":"auto","background-attachment":"scroll","background-type":"","background-media":"","overlay-type":"","overlay-color":"","overlay-opacity":"","overlay-gradient":""},"mobile":{"background-color":"","background-image":"","background-repeat":"repeat","background-position":"center center","background-size":"auto","background-attachment":"scroll","background-type":"","background-media":"","overlay-type":"","overlay-color":"","overlay-opacity":"","overlay-gradient":""}},"ast-content-background-meta":{"desktop":{"background-color":"var(--ast-global-color-5)","background-image":"","background-repeat":"repeat","background-position":"center center","background-size":"auto","background-attachment":"scroll","background-type":"","background-media":"","overlay-type":"","overlay-color":"","overlay-opacity":"","overlay-gradient":""},"tablet":{"background-color":"var(--ast-global-color-5)","background-image":"","background-repeat":"repeat","background-position":"center center","background-size":"auto","background-attachment":"scroll","background-type":"","background-media":"","overlay-type":"","overlay-color":"","overlay-opacity":"","overlay-gradient":""},"mobile":{"background-color":"var(--ast-global-color-5)","background-image":"","background-repeat":"repeat","background-position":"center center","background-size":"auto","background-attachment":"scroll","background-type":"","background-media":"","overlay-type":"","overlay-color":"","overlay-opacity":"","overlay-gradient":""}},"footnotes":""},"class_list":["post-250","page","type-page","status-publish","hentry"],"_hostinger_reach_plugin_has_subscription_block":false,"_hostinger_reach_plugin_is_elementor":false,"uagb_featured_image_src":{"full":false,"thumbnail":false,"medium":false,"medium_large":false,"large":false,"1536x1536":false,"2048x2048":false,"trp-custom-language-flag":false},"uagb_author_info":{"display_name":"Irina","author_link":"https:\/\/irinalefey.com\/en\/author\/irina-le-feyweb-de\/"},"uagb_comment_info":0,"uagb_excerpt":"Wer ist Irina le Fey? Ich habe urspr\u00fcnglich eine Ausbildung zur Goldschmiedin gemacht und anschlie\u00dfend Soziologie und Gender Studies studiert. Beides Wege, die mein Gesp\u00fcr f\u00fcr \u00c4sthetik, Menschen und gesellschaftliche Zusammenh\u00e4nge gepr\u00e4gt haben. Bereits w\u00e4hrend des Studiums begann ich als Escort zu arbeiten, und seitdem ist diese T\u00e4tigkeit ein fester und bedeutungsvoller Teil meines Lebens&hellip;","_links":{"self":[{"href":"https:\/\/irinalefey.com\/en\/wp-json\/wp\/v2\/pages\/250","targetHints":{"allow":["GET"]}}],"collection":[{"href":"https:\/\/irinalefey.com\/en\/wp-json\/wp\/v2\/pages"}],"about":[{"href":"https:\/\/irinalefey.com\/en\/wp-json\/wp\/v2\/types\/page"}],"author":[{"embeddable":true,"href":"https:\/\/irinalefey.com\/en\/wp-json\/wp\/v2\/users\/1"}],"replies":[{"embeddable":true,"href":"https:\/\/irinalefey.com\/en\/wp-json\/wp\/v2\/comments?post=250"}],"version-history":[{"count":38,"href":"https:\/\/irinalefey.com\/en\/wp-json\/wp\/v2\/pages\/250\/revisions"}],"predecessor-version":[{"id":1858,"href":"https:\/\/irinalefey.com\/en\/wp-json\/wp\/v2\/pages\/250\/revisions\/1858"}],"wp:attachment":[{"href":"https:\/\/irinalefey.com\/en\/wp-json\/wp\/v2\/media?parent=250"}],"curies":[{"name":"wp","href":"https:\/\/api.w.org\/{rel}","templated":true}]}}